{"id":57,"date":"2014-10-22T21:09:37","date_gmt":"2014-10-22T19:09:37","guid":{"rendered":"http:\/\/test.funnysport.com.pl\/?page_id=57"},"modified":"2014-11-12T23:29:00","modified_gmt":"2014-11-12T22:29:00","slug":"o-nas-2","status":"publish","type":"page","link":"https:\/\/funnysport.com.pl\/","title":{"rendered":"O Nas"},"content":{"rendered":"<div class=\"art-content-layout\">\n<div class=\"art-content-layout-row\">\n<div class=\"art-layout-cell\" style=\"width: 50%\" >\n<h3 style=\"text-align: center;\"><img loading=\"lazy\" decoding=\"async\" width=\"364\" height=\"438\" alt=\"\" src=\"http:\/\/funnysport.com.pl\/wp-content\/uploads\/2014\/10\/onas_lewa.jpg\" style=\"margin-top: 5px; margin-right: 0px; margin-bottom: 0px; margin-left: 0px;\"><br \/><\/h3>\n<\/p><\/div>\n<div class=\"art-layout-cell\" style=\"width: 50%\" >\n<p><span style=\"font-style: italic; font-weight: bold; font-size: 40px; color: #0855a1;\">FUNNY SPORT<\/span><\/p>\n<p>      <img loading=\"lazy\" decoding=\"async\" alt=\"\" height=\"4\" src=\"http:\/\/funnysport.com.pl\/wp-content\/uploads\/2014\/10\/kropki-2.jpg\" style=\"margin-top: 0px; margin-right:-90px; margin-bottom: 10px; \" width=\"643\" \/><\/p>\n<p><span style=\"color:#0855a1; font-style: italic; font-size: 40px; font-family: 'Just Me Again Down Here', Arial, 'Arial Unicode MS', Helvetica, sans-serif;\"><br \/>\n        Letnie i zimowe kolonie<br \/>rekreacyjno \u2013 sportowe to nasza specjalno\u015b\u0107.<br \/><\/span><\/p>\n<p><span style=\"color: #e24a3a;font-weight:300; font-style: italic; font-size: 22px; font-family: 'Open Sans';line-height: 25px;\">Uczestnicy obozu obj\u0119ci s\u0105 opiek\u0105<br \/>\n        <span style=\"font-weight: bold;\">wykwalifikowanej<br \/> kadry wychowawc\u00f3w<\/span> kolonijnych, trener\u00f3w,<br \/>instruktor\u00f3w oraz lektor\u00f3w j\u0119zyk\u00f3w obcych, kt\u00f3rzy<br \/>dbaj\u0105 o komfort i <span style=\"font-weight: bold;\">bezpiecze\u0144stwo m\u0142odych<br \/>uczestnik\u00f3w.<\/span> Organizowane przez nas kolonie i<br \/>obozy to okazja do wypoczynku nad jeziorem, na<br \/>pla\u017cy lub w g\u00f3rach, udzia\u0142u w interesuj\u0105cych<br \/> wycieczkach i r\u00f3\u017cnego rodzaju animacjach.<\/span><\/p>\n<p><span style=\"font-size: 22px;font-style: italic; color: #0855a1;font-weight:300;line-height: 25px;\"><span style=\"font-weight: bold; color: #0855a1;font-style: italic;\">Nasze wyjazdy s\u0105 gwarancj\u0105 aktywnych wakacji i odpoczynku<\/span> na \u015bwie\u017cym powietrzu, nios\u0105 mo\u017cliwo\u015b\u0107 nabycia nowych umiej\u0119tno\u015bci i do\u015bwiadcze\u0144 oraz zawarcia nowych znajomo\u015bci.<\/span><\/p>\n<p><span style=\"font-size: 22px; color:#5aae48; font-weight: bold;font-style: italic;line-height: 25px;\">Miros\u0142aw Zantara- za\u0142o\u017cyciel i w\u0142a\u015bciciel firmy, od 1998r. organizator letnich zimowych kolonii<br \/>rekreacyjno-sportowych.<\/span><\/p>\n<\/p><\/div>\n<\/p><\/div>\n<\/div>\n","protected":false},"excerpt":{"rendered":"<p>FUNNY SPORT Letnie i zimowe kolonierekreacyjno \u2013 sportowe to nasza specjalno\u015b\u0107. Uczestnicy obozu obj\u0119ci s\u0105 opiek\u0105 wykwalifikowanej kadry wychowawc\u00f3w kolonijnych, trener\u00f3w,instruktor\u00f3w oraz lektor\u00f3w j\u0119zyk\u00f3w obcych, kt\u00f3rzydbaj\u0105 o komfort i bezpiecze\u0144stwo m\u0142odychuczestnik\u00f3w. Organizowane przez nas kolonie iobozy to okazja do wypoczynku nad jeziorem, napla\u017cy lub w g\u00f3rach, udzia\u0142u w interesuj\u0105cych wycieczkach i r\u00f3\u017cnego rodzaju animacjach. Nasze [&hellip;]<\/p>\n","protected":false},"author":1,"featured_media":0,"parent":0,"menu_order":1,"comment_status":"closed","ping_status":"open","template":"","meta":{"footnotes":""},"class_list":["post-57","page","type-page","status-publish","hentry"],"_links":{"self":[{"href":"https:\/\/funnysport.com.pl\/index.php?rest_route=\/wp\/v2\/pages\/57","targetHints":{"allow":["GET"]}}],"collection":[{"href":"https:\/\/funnysport.com.pl\/index.php?rest_route=\/wp\/v2\/pages"}],"about":[{"href":"https:\/\/funnysport.com.pl\/index.php?rest_route=\/wp\/v2\/types\/page"}],"author":[{"embeddable":true,"href":"https:\/\/funnysport.com.pl\/index.php?rest_route=\/wp\/v2\/users\/1"}],"replies":[{"embeddable":true,"href":"https:\/\/funnysport.com.pl\/index.php?rest_route=%2Fwp%2Fv2%2Fcomments&post=57"}],"version-history":[{"count":19,"href":"https:\/\/funnysport.com.pl\/index.php?rest_route=\/wp\/v2\/pages\/57\/revisions"}],"predecessor-version":[{"id":310,"href":"https:\/\/funnysport.com.pl\/index.php?rest_route=\/wp\/v2\/pages\/57\/revisions\/310"}],"wp:attachment":[{"href":"https:\/\/funnysport.com.pl\/index.php?rest_route=%2Fwp%2Fv2%2Fmedia&parent=57"}],"curies":[{"name":"wp","href":"https:\/\/api.w.org\/{rel}","templated":true}]}}