{"id":58,"date":"2014-10-22T21:09:38","date_gmt":"2014-10-22T19:09:38","guid":{"rendered":"http:\/\/test.funnysport.com.pl\/?page_id=58"},"modified":"2018-07-11T21:24:48","modified_gmt":"2018-07-11T19:24:48","slug":"kadra-2","status":"publish","type":"page","link":"https:\/\/funnysport.com.pl\/?page_id=58","title":{"rendered":"Kadra"},"content":{"rendered":"<div style=\"margin-left: 90px;\">\n<p><span style=\"color: #43b814; font-size: 40px; font-style: italic; font-weight: bold;\">KADRA<\/span><\/p>\n<p><img loading=\"lazy\" decoding=\"async\" class=\"art-lightbox\" style=\"margin: 0px 0px 15px -90px;\" src=\"http:\/\/funnysport.com.pl\/wp-content\/uploads\/2014\/10\/kropki-4.jpg\" alt=\"\" width=\"643\" height=\"4\" \/><\/p>\n<div style=\"right: 0px; background-image: url('\/wp-content\/themes\/FunnySport\/images\/kadra1.jpg'); width: 550px; height: 588px; position: absolute;\"><\/div>\n<h2><span style=\"font-size: 84px; font-weight: bold; color: #284dbd;\">Miros\u0142aw<\/span><br \/>\n<span style=\"font-size: 84px; color: #284dbd; line-height: 20px; font-weight: 300;\">\u00a0 \u00a0 \u00a0 Zantara<\/span><br \/>\n<span style=\"color: #b23026; font-style: italic;\"><span style=\"font-size: 22px;\">Stopie\u0144 Judo IV dan<\/span><\/span><\/h2>\n<p>&nbsp;<\/p>\n<p><span style=\"color: #b23026; font-style: italic;\"><span style=\"font-size: 22px; font-weight: 300; line-height: 25px;\">KIEROWNIK KOLONII, WYCHOWAWCA,<br \/>\nTRENER JUDO II KLASY, BY\u0141Y ZAWODNIK.<\/span><\/span><\/p>\n<p><span style=\"font-size: 22px; font-style: italic; color: #2ea8e0; font-weight: 300; line-height: 25px;\">Wielki pasjonat sportu, poza judo uwielbia siatk\u00f3wk\u0119,<br \/>\npi\u0142k\u0119 no\u017cn\u0105, tenis, p\u0142ywanie, jazd\u0119 na rowerach, jazd\u0119<br \/>\nna nartach i wszelk\u0105 inn\u0105 aktywno\u015b\u0107 ruchow\u0105.<br \/>\nBardzo lubi prac\u0119 z dzie\u0107mi i dlatego swoj\u0105 pasj\u0119<br \/>\ndo sportu pragnie im przekazywa\u0107 w formie zabawy.<\/span><\/p>\n<p>&nbsp;<\/p>\n<p>&nbsp;<\/p>\n<h1><strong><span style=\"color: #99cc00;\">Aleksandra Fojcik<\/span><\/strong><\/h1>\n<\/div>\n<p><img loading=\"lazy\" decoding=\"async\" class=\"alignnone wp-image-582\" src=\"http:\/\/funnysport.com.pl\/wp-content\/uploads\/2014\/10\/Ola_zdjecie.jpg\" alt=\"\" width=\"303\" height=\"404\" srcset=\"https:\/\/funnysport.com.pl\/wp-content\/uploads\/2014\/10\/Ola_zdjecie.jpg 2730w, https:\/\/funnysport.com.pl\/wp-content\/uploads\/2014\/10\/Ola_zdjecie-225x300.jpg 225w, https:\/\/funnysport.com.pl\/wp-content\/uploads\/2014\/10\/Ola_zdjecie-768x1024.jpg 768w, https:\/\/funnysport.com.pl\/wp-content\/uploads\/2014\/10\/Ola_zdjecie-600x800.jpg 600w\" sizes=\"auto, (max-width: 303px) 100vw, 303px\" \/><img loading=\"lazy\" decoding=\"async\" class=\"alignnone wp-image-581\" src=\"http:\/\/funnysport.com.pl\/wp-content\/uploads\/2014\/10\/zdjecie_Ola.jpg\" alt=\"\" width=\"227\" height=\"403\" srcset=\"https:\/\/funnysport.com.pl\/wp-content\/uploads\/2014\/10\/zdjecie_Ola.jpg 540w, https:\/\/funnysport.com.pl\/wp-content\/uploads\/2014\/10\/zdjecie_Ola-169x300.jpg 169w\" sizes=\"auto, (max-width: 227px) 100vw, 227px\" \/><\/p>\n<div><\/div>\n<div style=\"margin-left: 90px;\">\n<h3><b><span style=\"color: #0000ff;\">Tancerka ta\u0144ca towarzyskiego, animatorka, wychowawczyni i trenerka oboz\u00f3w sportowych i tanecznych.<\/span><br \/>\n<span style=\"color: #0000ff;\">Aktualnie studentka in\u017cynierii biomedycznej na Politechnice Wroc\u0142awskiej, a tak\u017ce tancerka sportowego ta\u0144ca towarzyskiego bior\u0105ca udzia\u0142 w og\u00f3lnopolskich turniejach.<\/span><br \/>\n<span style=\"color: #0000ff;\">Od 2015r wychowawczyni i trenerka na letnich koloniach sportowych i obozach tanecznych oraz animatorka czasu wolnego.<\/span><br \/>\n<span style=\"color: #0000ff;\">Uwielbia wszystkie style taneczne, w szczeg\u00f3lno\u015bci taniec towarzyski i nowoczesny. Dodatkowo interesuje si\u0119 gimnastyk\u0105 i sportami lekkoatletycznymi. Swoj\u0105 pasj\u0105 pragnie dzieli\u0107 si\u0119 z najm\u0142odszymi podopiecznymi. Ma zawsze g\u0142ow\u0119 pe\u0142n\u0105 pomys\u0142\u00f3w na kreatywne i aktywne sp\u0119dzenie czasu.<\/span><\/b><\/h3>\n<p>&nbsp;<\/p>\n<div style=\"left: 0px; background-image: url('\/wp-content\/themes\/FunnySport\/images\/kadra2.jpg'); width: 504px; height: 621px; position: absolute;\"><span style=\"font-style: italic; font-size: 87px; font-weight: bold; color: #284dbd;\">\u00a0 <\/span><span style=\"font-style: italic; font-size: 22px; color: #e2341d; font-weight: 300; line-height: 25px;\">TYMISTKA ODZNACZAJ\u0104CA SI\u0118 KREATYWNO\u015aCI\u0104<br \/>\nI ZAANGA\u017bOWANIEM W PRACY Z DZIE\u0106MI.<\/span><span style=\"color: #2ea8e0; font-size: 22px; font-style: italic; font-weight: 300; line-height: 25px;\"> absolwentka lberystyki na Uniwersytecie Warszawskim<br \/>\noraz podyplomowych Studi\u00f3w Pedagogicznych,<br \/>\naktualnie studentka Dwuj\u0119zycznego Nauczania Dzieci<br \/>\nw j\u0119zyku angielskim (UW).<br \/>\nOd 2011r. wychowawczyni na letnich i zimowych<br \/>\nkoloniach sportowych. W roku szkolnym prowadzi<br \/>\nzaj\u0119cia z dzie\u0107mi ucz\u0105c j\u0119zyka hiszpa\u0144skiego<br \/>\ni angielskiego (Certificate in Advanced English)<br \/>\nw szkole j\u0119zykowej Language Point w Piasecznie.<\/span><\/div>\n<div style=\"left: 0px; background-image: url('\/wp-content\/themes\/FunnySport\/images\/kadra4.jpg'); width: 557px; height: 616px; position: absolute;\"><\/div>\n<p style=\"text-align: right;\"><span style=\"font-style: italic; color: #43b814;\"><span style=\"font-size: 87px; font-weight: bold; color: #284dbd;\">Honorata<\/span><br \/>\n<span style=\"font-size: 65px; line-height: 20px;\">Rawa &#8211; Jab\u0142onka<\/span><\/span><\/p>\n<p>&nbsp;<\/p>\n<p style=\"text-align: right;\"><span style=\"font-size: 22px; font-style: italic; color: #b23026; font-weight: 300; line-height: 25px;\">ABSOLWENTKA TURYSTYKI, PILOT WYCIECZEK,<br \/>\nKIEROWNIK KOLONII, A PRZEDE WSZYSTKIM<br \/>\n\u015aWIETNY WYCHOWAWCA.<\/span><\/p>\n<p style=\"text-align: right;\"><span style=\"font-size: 22px; font-style: italic; color: #2ea8e0; font-weight: 300; line-height: 25px;\">Uwielbia sporty wodne, jazd\u0119 konn\u0105 i na rowerze.<br \/>\nZim\u0105 \u015bmiga na nartach. Zawsze gotowa do<br \/>\nwymy\u015blania nowych zabaw, nigdy si\u0119 nie nudzi.<\/span><\/p>\n<p style=\"text-align: right;\"><span style=\"font-size: 22px; font-style: italic; color: #43b814; font-weight: 300; line-height: 25px;\">Mo\u017cna z ni\u0105 te\u017c porozmawia\u0107 po angielsku, francusku i w\u0142osku \ud83d\ude42<\/span><\/p>\n<\/div>\n<p><!--more--><\/p>\n","protected":false},"excerpt":{"rendered":"<p>KADRA Miros\u0142aw \u00a0 \u00a0 \u00a0 Zantara Stopie\u0144 Judo IV dan &nbsp; KIEROWNIK KOLONII, WYCHOWAWCA, TRENER JUDO II KLASY, BY\u0141Y ZAWODNIK. Wielki pasjonat sportu, poza judo uwielbia siatk\u00f3wk\u0119, pi\u0142k\u0119 no\u017cn\u0105, tenis, p\u0142ywanie, jazd\u0119 na rowerach, jazd\u0119 na nartach i wszelk\u0105 inn\u0105 aktywno\u015b\u0107 ruchow\u0105. Bardzo lubi prac\u0119 z dzie\u0107mi i dlatego swoj\u0105 pasj\u0119 do sportu pragnie im [&hellip;]<\/p>\n","protected":false},"author":1,"featured_media":0,"parent":0,"menu_order":2,"comment_status":"closed","ping_status":"open","template":"","meta":{"footnotes":""},"class_list":["post-58","page","type-page","status-publish","hentry"],"_links":{"self":[{"href":"https:\/\/funnysport.com.pl\/index.php?rest_route=\/wp\/v2\/pages\/58","targetHints":{"allow":["GET"]}}],"collection":[{"href":"https:\/\/funnysport.com.pl\/index.php?rest_route=\/wp\/v2\/pages"}],"about":[{"href":"https:\/\/funnysport.com.pl\/index.php?rest_route=\/wp\/v2\/types\/page"}],"author":[{"embeddable":true,"href":"https:\/\/funnysport.com.pl\/index.php?rest_route=\/wp\/v2\/users\/1"}],"replies":[{"embeddable":true,"href":"https:\/\/funnysport.com.pl\/index.php?rest_route=%2Fwp%2Fv2%2Fcomments&post=58"}],"version-history":[{"count":41,"href":"https:\/\/funnysport.com.pl\/index.php?rest_route=\/wp\/v2\/pages\/58\/revisions"}],"predecessor-version":[{"id":584,"href":"https:\/\/funnysport.com.pl\/index.php?rest_route=\/wp\/v2\/pages\/58\/revisions\/584"}],"wp:attachment":[{"href":"https:\/\/funnysport.com.pl\/index.php?rest_route=%2Fwp%2Fv2%2Fmedia&parent=58"}],"curies":[{"name":"wp","href":"https:\/\/api.w.org\/{rel}","templated":true}]}}