{"id":63,"date":"2014-10-22T21:09:43","date_gmt":"2014-10-22T19:09:43","guid":{"rendered":"http:\/\/test.funnysport.com.pl\/?page_id=63"},"modified":"2017-10-08T23:45:26","modified_gmt":"2017-10-08T21:45:26","slug":"judo-2","status":"publish","type":"page","link":"https:\/\/funnysport.com.pl\/?page_id=63","title":{"rendered":"Judo"},"content":{"rendered":"<div style=\"margin-left: 90px;\">\n<p><span style=\"font-size: 40px; font-weight: bold; font-style: italic; color: #43b814;\">JUDO<\/span><\/p>\n<p><img loading=\"lazy\" decoding=\"async\" class=\"art-lightbox\" style=\"margin: 0px 0px 15px -90px;\" src=\"http:\/\/funnysport.com.pl\/wp-content\/uploads\/2014\/10\/kropki-3.jpg\" alt=\"\" width=\"643\" height=\"4\" \/><\/p>\n<div style=\"right: 0px; background-image: url('\/wp-content\/themes\/FunnySport\/images\/judo_p_gora.jpg'); width: 558px; height: 832px; position: absolute;\"><\/div>\n<p><span style=\"font-size: 84px; font-weight: bold; color: #284dbd;\">Miros\u0142aw<\/span><br \/>\n<span style=\"font-size: 84px; color: #284dbd; line-height: 20px; font-weight: 300;\">\u00a0\u00a0 \u00a0 \u00a0 Zantara<\/span><br \/>\n<span style=\"color: #b23026; font-style: italic;\">\u00a0 \u00a0 \u00a0 \u00a0 \u00a0 \u00a0 \u00a0 \u00a0 \u00a0 \u00a0 \u00a0 \u00a0 \u00a0 \u00a0 \u00a0 \u00a0 \u00a0 \u00a0 \u00a0 \u00a0 \u00a0 \u00a0 \u00a0 \u00a0 \u00a0 \u00a0 \u00a0 \u00a0 \u00a0 \u00a0 \u00a0 \u00a0 \u00a0 \u00a0 \u00a0 \u00a0 \u00a0 \u00a0 \u00a0 \u00a0\u00a0<span style=\"font-size: 22px;\">Stopie\u0144 Judo IV dan<\/span><\/span><\/p>\n<p>&nbsp;<\/p>\n<p><span style=\"font-style: italic; line-height: 25px;\"><span style=\"font-size: 22px; color: #20a0db; font-weight: 300; line-height: 25px;\">Kilkana\u015bcie lat wyczynowo uprawia\u0142 judo w klubie<br \/>\nWKS,,GWARDIA\u201d Warszawa\u00a0 zdobywaj\u0105c medale<br \/>\nw mistrzostwach Warszawy,makroregionu oraz<br \/>\nPolski zar\u00f3wno dru\u017cynowo i indywidualnie.<\/span><\/span><\/p>\n<p><span style=\"font-size: 22px; font-style: italic; color: #0855a1; font-weight: 300; line-height: 25px;\">W 1998 roku uzyska\u0142 uprawnienia Instruktora Judo<br \/>\nwydane przez Ministra Sportu, od lutego 2014r<br \/>\nTrener Judo II klasy.<\/span><\/p>\n<p><span style=\"font-size: 22px; color: #b23026; line-height: 25px;\"><span style=\"font-family: 'Open Sans'; font-style: italic; font-weight: 300;\">Prowadzi treningi judo w klubie sportowym<br \/>\nWKS &#8222;GWARDIA\u201d, szkole podstawowej nr 175, 72, 96 i 261.<br \/>\nProwadzi zaj\u0119cia Funny Judo dla przedszkolak\u00f3w<br \/>\noraz judo dla dzieci w wieku 7-15lat.<\/span><\/span><\/p>\n<p>&nbsp;<\/p>\n<p><span style=\"font-family: 'Open Sans'; font-weight: bold; font-style: italic; font-size: 40px; color: #21409a;\">Treningi Judo<\/span><br \/>\n<span style=\"font-family: 'Open Sans'; font-size: 87px; font-style: italic; line-height: 50px; font-weight: 300;\">\u00a0 \u00a0 \u00a0 \u00a0<span style=\"color: #43b814;\">Dzieci<\/span><\/span><\/p>\n<p>&nbsp;<\/p>\n<p>&nbsp;<\/p>\n<p>&nbsp;<\/p>\n<div style=\"right: 0px; background-image: url('\/wp-content\/themes\/FunnySport\/images\/judo_p_dol.jpg'); width: 421px; height: 706px; position: absolute;\"><\/div>\n<p><span style=\"font-weight: 300; line-height: 25px;\"><span style=\"font-style: italic;\"><span style=\"font-size: 22px; font-family: 'Open Sans'; color: #149cd2;\"><br \/>\n<\/span><\/span><\/span><\/p>\n<p><span style=\"font-weight: 300; line-height: 25px;\"><span style=\"font-style: italic;\"><span style=\"font-size: 22px; font-family: 'Open Sans'; color: #149cd2;\">Szko\u0142a podstawowa nr 72 ul. Paca 44<br \/>\nGrupa \u015bredniozaawansowana \u015br-pt godz. <span style=\"color: #43b814;\">13.45-14.45<\/span><br \/>\nGrupa pocz\u0105tkuj\u0105ca \u015br-pt godz. <span style=\"color: #43b814;\">14.45-15.30<\/span><br \/>\nGrupa zaawansowana \u015br-pt godz. <span style=\"color: #43b814;\">15.30-16.30<\/span><\/span><\/span><\/span><\/p>\n<p><span style=\"font-weight: 300; line-height: 25px;\"><span style=\"font-style: italic;\"><span style=\"font-size: 22px; font-family: 'Open Sans'; color: #149cd2;\">Szko\u0142a podstawowa nr 261 ul. Wiertnicza 26<\/span><\/span><\/span><\/p>\n<p><span style=\"font-weight: 300; line-height: 25px;\"><span style=\"font-style: italic;\"><span style=\"font-size: 22px; font-family: 'Open Sans'; color: #149cd2;\">Grupa Klasy &#8222;0&#8221; pon- \u015br <span style=\"color: #99cc00;\">14.35 &#8211; 15.20<\/span><br \/>\nGrupa pocz\u0105tkuj\u0105ca pon &#8211; \u015br\u00a0<span style=\"color: #43b814;\">15.30-16.25<\/span><br \/>\nGrupa zaawansowana pon -\u015br \u00a0<span style=\"color: #43b814;\">16.35-17.35<\/span>\u00a0<\/span><\/span><\/span><\/p>\n<p><span style=\"font-weight: 300; line-height: 25px;\"><span style=\"font-style: italic;\"><span style=\"font-size: 22px; font-family: 'Open Sans'; color: #149cd2;\">Szko\u0142a podstawowa nr 96 ul. Sarabandy 16\/22<br \/>\nGrupa pocz\u0105tkuj\u0105ca wt-czw godz. <span style=\"color: #43b814;\">15.30-16.30<\/span><br \/>\nGrupa \u015bredniozaawansowana wt-czw godz. <span style=\"color: #43b814;\">16.30-17.30<\/span><br \/>\n<\/span><\/span><\/span><\/p>\n<p><span style=\"color: #21409a; font-family: 'Open Sans'; font-size: 40px; font-style: italic;\"><span style=\"font-weight: bold;\">Treningi Judo<\/span><br \/>\n<span style=\"font-size: 87px; font-weight: 300; color: #21409a; line-height: 50px;\">\u00a0 \u00a0 \u00a0 \u00a0Doro\u015bli<\/span><\/span><\/p>\n<p><span style=\"color: #284dbd; font-family: 'Open Sans'; font-style: italic;\"><span style=\"font-size: 22px;\">WKS,,GWARDIA&#8221; ul.Jagiello\u0144ska 61<\/span><\/span><\/p>\n<p><span style=\"color: #284dbd; font-family: 'Open Sans'; font-style: italic;\"><span style=\"font-size: 22px;\">Indywidualne i grupowe<\/span><\/span><\/p>\n<p><span style=\"color: #284dbd; font-family: 'Open Sans'; font-style: italic;\"><span style=\"font-size: 22px; color: #149cd2; font-weight: bold;\">Miros\u0142aw Zantara<\/span><\/span><\/p>\n<p><img loading=\"lazy\" decoding=\"async\" class=\"art-lightbox\" style=\"margin-top: 0px; margin-right: 0px; margin-bottom: 0px;\" src=\"http:\/\/funnysport.com.pl\/wp-content\/uploads\/2014\/10\/tel-2.jpg\" alt=\"\" width=\"39\" height=\"39\" \/><span style=\"font-size: 22px; color: #5aae48;\">\u00a0tel.602 &#8211; 188 &#8211; 217<\/span><\/p>\n<\/div>\n","protected":false},"excerpt":{"rendered":"<p>JUDO Miros\u0142aw \u00a0\u00a0 \u00a0 \u00a0 Zantara \u00a0 \u00a0 \u00a0 \u00a0 \u00a0 \u00a0 \u00a0 \u00a0 \u00a0 \u00a0 \u00a0 \u00a0 \u00a0 \u00a0 \u00a0 \u00a0 \u00a0 \u00a0 \u00a0 \u00a0 \u00a0 \u00a0 \u00a0 \u00a0 \u00a0 \u00a0 \u00a0 \u00a0 \u00a0 \u00a0 \u00a0 \u00a0 \u00a0 \u00a0 \u00a0 \u00a0 \u00a0 \u00a0 \u00a0 \u00a0\u00a0Stopie\u0144 Judo IV dan &nbsp; Kilkana\u015bcie lat wyczynowo uprawia\u0142 judo [&hellip;]<\/p>\n","protected":false},"author":1,"featured_media":0,"parent":0,"menu_order":7,"comment_status":"closed","ping_status":"open","template":"","meta":{"footnotes":""},"class_list":["post-63","page","type-page","status-publish","hentry"],"_links":{"self":[{"href":"https:\/\/funnysport.com.pl\/index.php?rest_route=\/wp\/v2\/pages\/63","targetHints":{"allow":["GET"]}}],"collection":[{"href":"https:\/\/funnysport.com.pl\/index.php?rest_route=\/wp\/v2\/pages"}],"about":[{"href":"https:\/\/funnysport.com.pl\/index.php?rest_route=\/wp\/v2\/types\/page"}],"author":[{"embeddable":true,"href":"https:\/\/funnysport.com.pl\/index.php?rest_route=\/wp\/v2\/users\/1"}],"replies":[{"embeddable":true,"href":"https:\/\/funnysport.com.pl\/index.php?rest_route=%2Fwp%2Fv2%2Fcomments&post=63"}],"version-history":[{"count":40,"href":"https:\/\/funnysport.com.pl\/index.php?rest_route=\/wp\/v2\/pages\/63\/revisions"}],"predecessor-version":[{"id":504,"href":"https:\/\/funnysport.com.pl\/index.php?rest_route=\/wp\/v2\/pages\/63\/revisions\/504"}],"wp:attachment":[{"href":"https:\/\/funnysport.com.pl\/index.php?rest_route=%2Fwp%2Fv2%2Fmedia&parent=63"}],"curies":[{"name":"wp","href":"https:\/\/api.w.org\/{rel}","templated":true}]}}